{"id":19,"date":"2019-06-26T06:29:57","date_gmt":"2019-06-26T06:29:57","guid":{"rendered":"https:\/\/motiontheme.com\/ideabuz\/?page_id=19"},"modified":"2025-10-28T10:36:17","modified_gmt":"2025-10-28T13:36:17","slug":"governanca","status":"publish","type":"page","link":"https:\/\/flytech.org.br\/2025\/governanca\/","title":{"rendered":"Governan\u00e7a"},"content":{"rendered":"\t\t<div data-elementor-type=\"wp-post\" data-elementor-id=\"19\" class=\"elementor elementor-19\">\n\t\t\t\t\t\t<div class=\"elementor-section elementor-top-section elementor-element elementor-element-2a76fe1 elementor-section-full_width elementor-section-height-default elementor-section-height-default wpr-particle-no wpr-jarallax-no wpr-parallax-no wpr-sticky-section-no\" data-id=\"2a76fe1\" data-element_type=\"section\" data-e-type=\"section\" data-settings=\"{&quot;background_background&quot;:&quot;slideshow&quot;,&quot;background_slideshow_gallery&quot;:[{&quot;id&quot;:2907,&quot;url&quot;:&quot;https:\\\/\\\/flytech.org.br\\\/wp-content\\\/uploads\\\/2025\\\/10\\\/Governanca.webp&quot;}],&quot;background_slideshow_loop&quot;:&quot;yes&quot;,&quot;background_slideshow_slide_duration&quot;:5000,&quot;background_slideshow_slide_transition&quot;:&quot;fade&quot;,&quot;background_slideshow_transition_duration&quot;:500}\">\n\t\t\t\t\t\t\t<div class=\"elementor-background-overlay\"><\/div>\n\t\t\t\t\t\t\t<div class=\"elementor-container elementor-column-gap-no\">\n\t\t\t\t\t<div class=\"elementor-column elementor-col-100 elementor-top-column elementor-element elementor-element-065b6e4\" data-id=\"065b6e4\" data-element_type=\"column\" data-e-type=\"column\">\n\t\t\t<div class=\"elementor-widget-wrap elementor-element-populated\">\n\t\t\t\t\t\t<div class=\"elementor-element elementor-element-b3b08b3 elementor-widget elementor-widget-singlebanner\" data-id=\"b3b08b3\" data-element_type=\"widget\" data-e-type=\"widget\" data-widget_type=\"singlebanner.default\">\n\t\t\t\t<div class=\"elementor-widget-container\">\n\t\t\t\t\t        <section class=\"banner\">\r\n            <div class=\"container\">\r\n                <div class=\"row justify-content-center\">\r\n                    <div class=\"col-lg-10\">\r\n                        <!-- Banner Content Begin -->\r\n                        <div class=\"banner-content text-white text-center\">\r\n                            <h1>GOVERNAN\u00c7A<\/h1><p>O modelo de governan\u00e7a do FlyTech Institute \u00e9 estruturado para garantir a integridade e a transpar\u00eancia em todos os processos decis\u00f3rios.<\/p>                        <\/div>\r\n                        <!-- Banner Content End -->\r\n                    <\/div>\r\n                <\/div>\r\n            <\/div>\r\n            <img decoding=\"async\" src=\"https:\/\/flytech.org.br\/2025\/wp-content\/themes\/ideabuz\/assets\/img\/shapes\/slider-shape.svg\" alt=\"slider shape\"  class=\"svg wave-shape\" \/>        <\/section>\r\n        <!-- banner End -->\r\n        <!-- Modal Form Begin -->\r\n        \t\t\t\t<\/div>\n\t\t\t\t<\/div>\n\t\t\t\t\t<\/div>\n\t\t<\/div>\n\t\t\t\t\t<\/div>\n\t\t<\/div>\n\t\t\t\t<section class=\"elementor-section elementor-top-section elementor-element elementor-element-5921aa3 elementor-section-boxed elementor-section-height-default elementor-section-height-default wpr-particle-no wpr-jarallax-no wpr-parallax-no wpr-sticky-section-no\" data-id=\"5921aa3\" data-element_type=\"section\" data-e-type=\"section\">\n\t\t\t\t\t\t<div class=\"elementor-container elementor-column-gap-no\">\n\t\t\t\t\t<div class=\"elementor-column elementor-col-100 elementor-top-column elementor-element elementor-element-a2ce5a5\" data-id=\"a2ce5a5\" data-element_type=\"column\" data-e-type=\"column\">\n\t\t\t<div class=\"elementor-widget-wrap elementor-element-populated\">\n\t\t\t\t\t\t<div class=\"elementor-element elementor-element-27252bb elementor-widget elementor-widget-sectiontitle\" data-id=\"27252bb\" data-element_type=\"widget\" data-e-type=\"widget\" data-widget_type=\"sectiontitle.default\">\n\t\t\t\t<div class=\"elementor-widget-container\">\n\t\t\t\t\t<div class=\"section-title text-center\"><h1 class=\"title\">BOAS PR\u00c1TICAS<\/h1><p>A gest\u00e3o \u00e9 orientada por princ\u00edpios que co\u00edbem a obten\u00e7\u00e3o de benef\u00edcios pessoais, assegurando que todas as decis\u00f5es sejam tomadas em prol da miss\u00e3o institucional.<\/p><p>Com uma estrutura composta pela Assembleia Geral, Diretoria Executiva e Conselhos Cient\u00edfico e Fiscal, o Instituto promove um ambiente de governan\u00e7a respons\u00e1vel, integrando supervis\u00e3o estrat\u00e9gica, fiscaliza\u00e7\u00e3o financeira independente e apoio t\u00e9cnico especializado. Esse modelo assegura a conformidade com as melhores pr\u00e1ticas do setor e o compromisso com a \u00e9tica e a transpar\u00eancia.<\/p><\/div>\t\t\t\t<\/div>\n\t\t\t\t<\/div>\n\t\t\t\t\t<\/div>\n\t\t<\/div>\n\t\t\t\t\t<\/div>\n\t\t<\/section>\n\t\t\t\t<section class=\"elementor-section elementor-top-section elementor-element elementor-element-f60a77a elementor-section-boxed elementor-section-height-default elementor-section-height-default wpr-particle-no wpr-jarallax-no wpr-parallax-no wpr-sticky-section-no\" data-id=\"f60a77a\" data-element_type=\"section\" data-e-type=\"section\">\n\t\t\t\t\t\t<div class=\"elementor-container elementor-column-gap-extended\">\n\t\t\t\t\t<div class=\"elementor-column elementor-col-50 elementor-top-column elementor-element elementor-element-3cdc11f\" data-id=\"3cdc11f\" data-element_type=\"column\" data-e-type=\"column\">\n\t\t\t<div class=\"elementor-widget-wrap elementor-element-populated\">\n\t\t\t\t\t\t<div class=\"elementor-element elementor-element-4bf0330 elementor-widget elementor-widget-image\" data-id=\"4bf0330\" data-element_type=\"widget\" data-e-type=\"widget\" data-widget_type=\"image.default\">\n\t\t\t\t\t\t\t\t\t\t\t\t\t\t\t<img fetchpriority=\"high\" decoding=\"async\" width=\"535\" height=\"563\" src=\"https:\/\/flytech.org.br\/2025\/wp-content\/uploads\/2025\/10\/conselho-de-administracao.webp\" class=\"attachment-2048x2048 size-2048x2048 wp-image-2877\" alt=\"\" srcset=\"https:\/\/flytech.org.br\/2025\/wp-content\/uploads\/2025\/10\/conselho-de-administracao.webp 535w, https:\/\/flytech.org.br\/2025\/wp-content\/uploads\/2025\/10\/conselho-de-administracao-285x300.webp 285w\" sizes=\"(max-width: 535px) 100vw, 535px\" \/>\t\t\t\t\t\t\t\t\t\t\t\t\t\t\t<\/div>\n\t\t\t\t\t<\/div>\n\t\t<\/div>\n\t\t\t\t<div class=\"elementor-column elementor-col-50 elementor-top-column elementor-element elementor-element-561f184\" data-id=\"561f184\" data-element_type=\"column\" data-e-type=\"column\">\n\t\t\t<div class=\"elementor-widget-wrap elementor-element-populated\">\n\t\t\t\t\t\t<div class=\"elementor-element elementor-element-89441f2 elementor-widget elementor-widget-sectiontitle\" data-id=\"89441f2\" data-element_type=\"widget\" data-e-type=\"widget\" data-widget_type=\"sectiontitle.default\">\n\t\t\t\t<div class=\"elementor-widget-container\">\n\t\t\t\t\t<div class=\"section-title text-left\"><h3 class=\"subtitle\">GOVERNAN\u00c7A<\/h3><h2 class=\"title\">CONSELHO DE ADMINISTRA\u00c7\u00c3O<\/h2><p>A governan\u00e7a do Instituto FlyTech \u00e9 composta pelo Conselho de Administra\u00e7\u00e3o, respons\u00e1vel por acompanhar as decis\u00f5es estrat\u00e9gicas da organiza\u00e7\u00e3o. Esse colegiado atua de forma independente, oferecendo orienta\u00e7\u00e3o t\u00e9cnica e institucional, al\u00e9m de garantir autonomia nos processos de fiscaliza\u00e7\u00e3o.<\/p><p>Composto por profissionais experientes e alinhados aos objetivos do Instituto, o Conselho assegura que as a\u00e7\u00f5es estejam em conformidade com princ\u00edpios de integridade, transpar\u00eancia e excel\u00eancia na gest\u00e3o. Essa estrutura permite equil\u00edbrio entre vis\u00e3o de longo prazo, efici\u00eancia operacional e compromisso com o desenvolvimento tecnol\u00f3gico do setor aeroespacial.<\/p><\/div>\t\t\t\t<\/div>\n\t\t\t\t<\/div>\n\t\t\t\t\t<\/div>\n\t\t<\/div>\n\t\t\t\t\t<\/div>\n\t\t<\/section>\n\t\t\t\t<section class=\"elementor-section elementor-top-section elementor-element elementor-element-58610a3 elementor-section-boxed elementor-section-height-default elementor-section-height-default wpr-particle-no wpr-jarallax-no wpr-parallax-no wpr-sticky-section-no\" data-id=\"58610a3\" data-element_type=\"section\" data-e-type=\"section\">\n\t\t\t\t\t\t<div class=\"elementor-container elementor-column-gap-extended\">\n\t\t\t\t\t<div class=\"elementor-column elementor-col-50 elementor-top-column elementor-element elementor-element-da7797c\" data-id=\"da7797c\" data-element_type=\"column\" data-e-type=\"column\">\n\t\t\t<div class=\"elementor-widget-wrap elementor-element-populated\">\n\t\t\t\t\t\t<div class=\"elementor-element elementor-element-f5f8a2e elementor-widget elementor-widget-sectiontitle\" data-id=\"f5f8a2e\" data-element_type=\"widget\" data-e-type=\"widget\" data-widget_type=\"sectiontitle.default\">\n\t\t\t\t<div class=\"elementor-widget-container\">\n\t\t\t\t\t<div class=\"section-title text-left\"><h2 class=\"title\">CONSELHO FISCAL<\/h2><p>A fun\u00e7\u00e3o de fiscaliza\u00e7\u00e3o do Instituto FlyTech \u00e9 exercida por auditoria externa independente, garantindo isen\u00e7\u00e3o e rigor t\u00e9cnico na supervis\u00e3o das contas e pr\u00e1ticas institucionais.<\/p><p>Essa estrutura de auditoria independente fortalece nosso compromisso com uma atua\u00e7\u00e3o respons\u00e1vel, \u00e9tica e alinhada \u00e0s melhores pr\u00e1ticas do setor.<br \/>Desde sua cria\u00e7\u00e3o, o Instituto FlyTech est\u00e1 estruturado para atender plenamente aos princ\u00edpios e exig\u00eancias da Lei n\u00ba 9.790\/1999, que disp\u00f5e sobre a qualifica\u00e7\u00e3o de pessoas jur\u00eddicas de direito privado, sem fins lucrativos, como Organiza\u00e7\u00f5es da Sociedade Civil de Interesse P\u00fablico (OSCIP).<\/p><p>Adotamos os mais altos padr\u00f5es de transpar\u00eancia, governan\u00e7a e integridade na gest\u00e3o, com controles preparados para garantir a rastreabilidade de recursos e a conformidade com as normas aplic\u00e1veis.<\/p><\/div>\t\t\t\t<\/div>\n\t\t\t\t<\/div>\n\t\t\t\t\t<\/div>\n\t\t<\/div>\n\t\t\t\t<div class=\"elementor-column elementor-col-50 elementor-top-column elementor-element elementor-element-ea0b5b8\" data-id=\"ea0b5b8\" data-element_type=\"column\" data-e-type=\"column\">\n\t\t\t<div class=\"elementor-widget-wrap elementor-element-populated\">\n\t\t\t\t\t\t<div class=\"elementor-element elementor-element-bd9bf34 elementor-widget elementor-widget-image\" data-id=\"bd9bf34\" data-element_type=\"widget\" data-e-type=\"widget\" data-widget_type=\"image.default\">\n\t\t\t\t\t\t\t\t\t\t\t\t\t\t\t<img decoding=\"async\" width=\"535\" height=\"608\" src=\"https:\/\/flytech.org.br\/2025\/wp-content\/uploads\/2025\/10\/conselho-fiscal.webp\" class=\"attachment-full size-full wp-image-2878\" alt=\"\" srcset=\"https:\/\/flytech.org.br\/2025\/wp-content\/uploads\/2025\/10\/conselho-fiscal.webp 535w, https:\/\/flytech.org.br\/2025\/wp-content\/uploads\/2025\/10\/conselho-fiscal-264x300.webp 264w\" sizes=\"(max-width: 535px) 100vw, 535px\" \/>\t\t\t\t\t\t\t\t\t\t\t\t\t\t\t<\/div>\n\t\t\t\t\t<\/div>\n\t\t<\/div>\n\t\t\t\t\t<\/div>\n\t\t<\/section>\n\t\t\t\t<\/div>\n\t\t","protected":false},"excerpt":{"rendered":"<p>GOVERNAN\u00c7A O modelo de governan\u00e7a do FlyTech Institute \u00e9 estruturado para garantir a integridade e a transpar\u00eancia em todos os processos decis\u00f3rios. BOAS PR\u00c1TICAS A gest\u00e3o<\/p>\n","protected":false},"author":1,"featured_media":0,"parent":0,"menu_order":0,"comment_status":"closed","ping_status":"closed","template":"template-builder.php","meta":{"footnotes":""},"class_list":["post-19","page","type-page","status-publish","hentry"],"yoast_head":"<!-- This site is optimized with the Yoast SEO plugin v27.2 - https:\/\/yoast.com\/product\/yoast-seo-wordpress\/ -->\n<title>Governan\u00e7a - Flytech - Conectando talentos, empresas e ideias.<\/title>\n<meta name=\"robots\" content=\"index, follow, max-snippet:-1, max-image-preview:large, max-video-preview:-1\" \/>\n<link rel=\"canonical\" href=\"https:\/\/flytech.org.br\/2025\/governanca\/\" \/>\n<meta property=\"og:locale\" content=\"pt_BR\" \/>\n<meta property=\"og:type\" content=\"article\" \/>\n<meta property=\"og:title\" content=\"Governan\u00e7a - Flytech - Conectando talentos, empresas e ideias.\" \/>\n<meta property=\"og:description\" content=\"GOVERNAN\u00c7A O modelo de governan\u00e7a do FlyTech Institute \u00e9 estruturado para garantir a integridade e a transpar\u00eancia em todos os processos decis\u00f3rios. BOAS PR\u00c1TICAS A gest\u00e3o\" \/>\n<meta property=\"og:url\" content=\"https:\/\/flytech.org.br\/2025\/governanca\/\" \/>\n<meta property=\"og:site_name\" content=\"Flytech - Conectando talentos, empresas e ideias.\" \/>\n<meta property=\"article:modified_time\" content=\"2025-10-28T13:36:17+00:00\" \/>\n<meta property=\"og:image\" content=\"https:\/\/flytech.org.br\/2025\/wp-content\/themes\/ideabuz\/assets\/img\/shapes\/slider-shape.svg\" \/>\n<meta name=\"twitter:card\" content=\"summary_large_image\" \/>\n<meta name=\"twitter:label1\" content=\"Est. tempo de leitura\" \/>\n\t<meta name=\"twitter:data1\" content=\"2 minutos\" \/>\n<script type=\"application\/ld+json\" class=\"yoast-schema-graph\">{\"@context\":\"https:\/\/schema.org\",\"@graph\":[{\"@type\":\"WebPage\",\"@id\":\"https:\/\/flytech.org.br\/2025\/governanca\/\",\"url\":\"https:\/\/flytech.org.br\/2025\/governanca\/\",\"name\":\"Governan\u00e7a - Flytech - Conectando talentos, empresas e ideias.\",\"isPartOf\":{\"@id\":\"https:\/\/flytech.org.br\/2025\/#website\"},\"primaryImageOfPage\":{\"@id\":\"https:\/\/flytech.org.br\/2025\/governanca\/#primaryimage\"},\"image\":{\"@id\":\"https:\/\/flytech.org.br\/2025\/governanca\/#primaryimage\"},\"thumbnailUrl\":\"https:\/\/flytech.org.br\/2025\/wp-content\/themes\/ideabuz\/assets\/img\/shapes\/slider-shape.svg\",\"datePublished\":\"2019-06-26T06:29:57+00:00\",\"dateModified\":\"2025-10-28T13:36:17+00:00\",\"breadcrumb\":{\"@id\":\"https:\/\/flytech.org.br\/2025\/governanca\/#breadcrumb\"},\"inLanguage\":\"pt-BR\",\"potentialAction\":[{\"@type\":\"ReadAction\",\"target\":[\"https:\/\/flytech.org.br\/2025\/governanca\/\"]}]},{\"@type\":\"ImageObject\",\"inLanguage\":\"pt-BR\",\"@id\":\"https:\/\/flytech.org.br\/2025\/governanca\/#primaryimage\",\"url\":\"https:\/\/flytech.org.br\/2025\/wp-content\/themes\/ideabuz\/assets\/img\/shapes\/slider-shape.svg\",\"contentUrl\":\"https:\/\/flytech.org.br\/2025\/wp-content\/themes\/ideabuz\/assets\/img\/shapes\/slider-shape.svg\"},{\"@type\":\"BreadcrumbList\",\"@id\":\"https:\/\/flytech.org.br\/2025\/governanca\/#breadcrumb\",\"itemListElement\":[{\"@type\":\"ListItem\",\"position\":1,\"name\":\"In\u00edcio\",\"item\":\"https:\/\/flytech.org.br\/\"},{\"@type\":\"ListItem\",\"position\":2,\"name\":\"Governan\u00e7a\"}]},{\"@type\":\"WebSite\",\"@id\":\"https:\/\/flytech.org.br\/2025\/#website\",\"url\":\"https:\/\/flytech.org.br\/2025\/\",\"name\":\"Flytech - Conectando talentos, empresas e ideias.\",\"description\":\"\",\"potentialAction\":[{\"@type\":\"SearchAction\",\"target\":{\"@type\":\"EntryPoint\",\"urlTemplate\":\"https:\/\/flytech.org.br\/2025\/?s={search_term_string}\"},\"query-input\":{\"@type\":\"PropertyValueSpecification\",\"valueRequired\":true,\"valueName\":\"search_term_string\"}}],\"inLanguage\":\"pt-BR\"}]}<\/script>\n<!-- \/ Yoast SEO plugin. -->","yoast_head_json":{"title":"Governan\u00e7a - Flytech - Conectando talentos, empresas e ideias.","robots":{"index":"index","follow":"follow","max-snippet":"max-snippet:-1","max-image-preview":"max-image-preview:large","max-video-preview":"max-video-preview:-1"},"canonical":"https:\/\/flytech.org.br\/2025\/governanca\/","og_locale":"pt_BR","og_type":"article","og_title":"Governan\u00e7a - Flytech - Conectando talentos, empresas e ideias.","og_description":"GOVERNAN\u00c7A O modelo de governan\u00e7a do FlyTech Institute \u00e9 estruturado para garantir a integridade e a transpar\u00eancia em todos os processos decis\u00f3rios. BOAS PR\u00c1TICAS A gest\u00e3o","og_url":"https:\/\/flytech.org.br\/2025\/governanca\/","og_site_name":"Flytech - Conectando talentos, empresas e ideias.","article_modified_time":"2025-10-28T13:36:17+00:00","og_image":[{"url":"https:\/\/flytech.org.br\/2025\/wp-content\/themes\/ideabuz\/assets\/img\/shapes\/slider-shape.svg","type":"","width":"","height":""}],"twitter_card":"summary_large_image","twitter_misc":{"Est. tempo de leitura":"2 minutos"},"schema":{"@context":"https:\/\/schema.org","@graph":[{"@type":"WebPage","@id":"https:\/\/flytech.org.br\/2025\/governanca\/","url":"https:\/\/flytech.org.br\/2025\/governanca\/","name":"Governan\u00e7a - Flytech - Conectando talentos, empresas e ideias.","isPartOf":{"@id":"https:\/\/flytech.org.br\/2025\/#website"},"primaryImageOfPage":{"@id":"https:\/\/flytech.org.br\/2025\/governanca\/#primaryimage"},"image":{"@id":"https:\/\/flytech.org.br\/2025\/governanca\/#primaryimage"},"thumbnailUrl":"https:\/\/flytech.org.br\/2025\/wp-content\/themes\/ideabuz\/assets\/img\/shapes\/slider-shape.svg","datePublished":"2019-06-26T06:29:57+00:00","dateModified":"2025-10-28T13:36:17+00:00","breadcrumb":{"@id":"https:\/\/flytech.org.br\/2025\/governanca\/#breadcrumb"},"inLanguage":"pt-BR","potentialAction":[{"@type":"ReadAction","target":["https:\/\/flytech.org.br\/2025\/governanca\/"]}]},{"@type":"ImageObject","inLanguage":"pt-BR","@id":"https:\/\/flytech.org.br\/2025\/governanca\/#primaryimage","url":"https:\/\/flytech.org.br\/2025\/wp-content\/themes\/ideabuz\/assets\/img\/shapes\/slider-shape.svg","contentUrl":"https:\/\/flytech.org.br\/2025\/wp-content\/themes\/ideabuz\/assets\/img\/shapes\/slider-shape.svg"},{"@type":"BreadcrumbList","@id":"https:\/\/flytech.org.br\/2025\/governanca\/#breadcrumb","itemListElement":[{"@type":"ListItem","position":1,"name":"In\u00edcio","item":"https:\/\/flytech.org.br\/"},{"@type":"ListItem","position":2,"name":"Governan\u00e7a"}]},{"@type":"WebSite","@id":"https:\/\/flytech.org.br\/2025\/#website","url":"https:\/\/flytech.org.br\/2025\/","name":"Flytech - Conectando talentos, empresas e ideias.","description":"","potentialAction":[{"@type":"SearchAction","target":{"@type":"EntryPoint","urlTemplate":"https:\/\/flytech.org.br\/2025\/?s={search_term_string}"},"query-input":{"@type":"PropertyValueSpecification","valueRequired":true,"valueName":"search_term_string"}}],"inLanguage":"pt-BR"}]}},"_links":{"self":[{"href":"https:\/\/flytech.org.br\/2025\/wp-json\/wp\/v2\/pages\/19","targetHints":{"allow":["GET"]}}],"collection":[{"href":"https:\/\/flytech.org.br\/2025\/wp-json\/wp\/v2\/pages"}],"about":[{"href":"https:\/\/flytech.org.br\/2025\/wp-json\/wp\/v2\/types\/page"}],"author":[{"embeddable":true,"href":"https:\/\/flytech.org.br\/2025\/wp-json\/wp\/v2\/users\/1"}],"replies":[{"embeddable":true,"href":"https:\/\/flytech.org.br\/2025\/wp-json\/wp\/v2\/comments?post=19"}],"version-history":[{"count":68,"href":"https:\/\/flytech.org.br\/2025\/wp-json\/wp\/v2\/pages\/19\/revisions"}],"predecessor-version":[{"id":3320,"href":"https:\/\/flytech.org.br\/2025\/wp-json\/wp\/v2\/pages\/19\/revisions\/3320"}],"wp:attachment":[{"href":"https:\/\/flytech.org.br\/2025\/wp-json\/wp\/v2\/media?parent=19"}],"curies":[{"name":"wp","href":"https:\/\/api.w.org\/{rel}","templated":true}]}}